{"id":124,"date":"2018-03-19T10:01:36","date_gmt":"2018-03-19T10:01:36","guid":{"rendered":"http:\/\/www.gesang-gitarre.net\/?page_id=124"},"modified":"2019-01-16T22:15:28","modified_gmt":"2019-01-16T22:15:28","slug":"canciones-de-amor","status":"publish","type":"page","link":"https:\/\/www.gesang-gitarre.net\/index.php\/canciones-de-amor\/","title":{"rendered":"Canciones de Amor"},"content":{"rendered":"<p><img fetchpriority=\"high\" decoding=\"async\" class=\" wp-image-68 alignleft\" title=\"plakat-Seite001\" src=\"https:\/\/www.gesang-gitarre.net\/wp-content\/uploads\/2012\/11\/plakat-Seite001-211x300.jpg\" alt=\"\" width=\"190\" height=\"270\" \/><\/p>\n<p>Das Duo Scaramuccio l\u00e4sst in seinem Programm <strong><em>Canciones de Amor<\/em><\/strong> italienische und spanische Meisterwerke aus 3 Jahrhunderten erklingen, die sich mit der Liebe in all ihren Facetten befassen.<\/p>\n<p>Gef\u00fchlvolle Liebeslieder, schw\u00e4rmerische Arien und Romanzen \u00fcber Herzeleid und Tod, die alten Formen: das St\u00e4ndchen und die Pastorale zeigen die Liebe mal als Amusement, mal als schmerzvolle Urerfahrung. Mal wird vor ihr gewarnt, dann wieder ihre Abwesenheit beklagt. Wenn sie dann endlich da ist, kommen Zweifel auf. Man muss sich ihrer versichern, das schafft wieder neues Leid.<br \/>\nWie es auch ist, richtig ist es nie. Zum Gl\u00fcck, sonst g\u00e4be es nicht so viele Lieder dar\u00fcber.<\/p>\n<p>Echte Entdeckungen sind die spanischen Volkslieder des hier zu Lande kaum bekannten Komponisten Roberto Gerhard. Die kunstvoll auskomponierte Gitarrenbegleitung der Strophenlieder leitet den Zuh\u00f6rer durch die volkst\u00fcmlichen Szenen und Bilder. Stierkampf, Kartenspiel und Mittagshitze bilden die Kulisse f\u00fcr Sehnsucht, Gl\u00fcck und Verzweiflung.<\/p>\n<p><em>&#8222;Die kunstvoll auskomponierte Gitarrenbegleitung der Lieder nahm die Zuh\u00f6rer mit durch musikalisch volkst\u00fcmliche Szenen und Bilder. Verzweifelte, unerf\u00fcllte Liebe, Untreue und wankelm\u00fctige Frauen, Matadore im Stierkampf, verliebte Rosenkavaliere, Ungl\u00fcck im W\u00fcrfelspiel und Eifersucht bildeten das Sujet f\u00fcr in Noten gefasste Sehnsucht, Gl\u00fcck und Verzweiflung. Der Applaus wollte nicht enden und der Dank der beiden Musiker an die begeisterten Konzertbesucher waren temperamentvolle Zugaben.&#8220;<\/em> Hartmut Moreike\/ Amtsblatt Blumberg<\/p>\n","protected":false},"excerpt":{"rendered":"<p>Das Duo Scaramuccio l\u00e4sst in seinem Programm Canciones de Amor italienische und spanische Meisterwerke aus 3 Jahrhunderten erklingen, die sich mit der Liebe in all ihren Facetten befassen. Gef\u00fchlvolle Liebeslieder, schw\u00e4rmerische Arien und Romanzen \u00fcber Herzeleid und Tod, die alten Formen: das St\u00e4ndchen und die Pastorale zeigen die Liebe mal als Amusement, mal als schmerzvolle &hellip; <\/p>\n<p class=\"link-more\"><a href=\"https:\/\/www.gesang-gitarre.net\/index.php\/canciones-de-amor\/\" class=\"more-link\"><span class=\"screen-reader-text\">\u201eCanciones de Amor\u201c<\/span> weiterlesen<\/a><\/p>\n","protected":false},"author":1,"featured_media":0,"parent":0,"menu_order":0,"comment_status":"closed","ping_status":"closed","template":"","meta":{"footnotes":""},"class_list":["post-124","page","type-page","status-publish","hentry"],"_links":{"self":[{"href":"https:\/\/www.gesang-gitarre.net\/index.php\/wp-json\/wp\/v2\/pages\/124","targetHints":{"allow":["GET"]}}],"collection":[{"href":"https:\/\/www.gesang-gitarre.net\/index.php\/wp-json\/wp\/v2\/pages"}],"about":[{"href":"https:\/\/www.gesang-gitarre.net\/index.php\/wp-json\/wp\/v2\/types\/page"}],"author":[{"embeddable":true,"href":"https:\/\/www.gesang-gitarre.net\/index.php\/wp-json\/wp\/v2\/users\/1"}],"replies":[{"embeddable":true,"href":"https:\/\/www.gesang-gitarre.net\/index.php\/wp-json\/wp\/v2\/comments?post=124"}],"version-history":[{"count":3,"href":"https:\/\/www.gesang-gitarre.net\/index.php\/wp-json\/wp\/v2\/pages\/124\/revisions"}],"predecessor-version":[{"id":391,"href":"https:\/\/www.gesang-gitarre.net\/index.php\/wp-json\/wp\/v2\/pages\/124\/revisions\/391"}],"wp:attachment":[{"href":"https:\/\/www.gesang-gitarre.net\/index.php\/wp-json\/wp\/v2\/media?parent=124"}],"curies":[{"name":"wp","href":"https:\/\/api.w.org\/{rel}","templated":true}]}}