{"id":127,"date":"2018-03-19T10:02:39","date_gmt":"2018-03-19T10:02:39","guid":{"rendered":"http:\/\/www.gesang-gitarre.net\/?page_id=127"},"modified":"2019-01-16T22:16:02","modified_gmt":"2019-01-16T22:16:02","slug":"luther-und-die-musik","status":"publish","type":"page","link":"https:\/\/www.gesang-gitarre.net\/index.php\/luther-und-die-musik\/","title":{"rendered":"Luther und die Musik"},"content":{"rendered":"<p>Luther hat selbst Laute gespielt und nicht nur die Texte zu einigen, noch heute wichtigen, Kirchenliedern erfunden. Wir n\u00e4hern uns dem Reformator \u00fcber die Musik, f\u00fchren Musik von ihm und seinen Zeitgenossen und Nachgeborenen auf und erz\u00e4hlen von seinem Verh\u00e4ltnis zur Musik und die Bedeutung der Kl\u00e4nge f\u00fcr die Reformation.<\/p>\n<p>Mit Werken von Luther, Neusidler, Schein, Regnart, Bach, Rak und anderen.<\/p>\n<p><img fetchpriority=\"high\" decoding=\"async\" class=\"alignleft size-full wp-image-383\" src=\"https:\/\/www.gesang-gitarre.net\/wp-content\/uploads\/2017\/06\/luther_spangenberg.jpg\" alt=\"\" width=\"576\" height=\"324\" \/><\/p>\n","protected":false},"excerpt":{"rendered":"<p>Luther hat selbst Laute gespielt und nicht nur die Texte zu einigen, noch heute wichtigen, Kirchenliedern erfunden. Wir n\u00e4hern uns dem Reformator \u00fcber die Musik, f\u00fchren Musik von ihm und seinen Zeitgenossen und Nachgeborenen auf und erz\u00e4hlen von seinem Verh\u00e4ltnis zur Musik und die Bedeutung der Kl\u00e4nge f\u00fcr die Reformation. Mit Werken von Luther, Neusidler, &hellip; <\/p>\n<p class=\"link-more\"><a href=\"https:\/\/www.gesang-gitarre.net\/index.php\/luther-und-die-musik\/\" class=\"more-link\"><span class=\"screen-reader-text\">\u201eLuther und die Musik\u201c<\/span> weiterlesen<\/a><\/p>\n","protected":false},"author":1,"featured_media":0,"parent":0,"menu_order":0,"comment_status":"closed","ping_status":"closed","template":"","meta":{"footnotes":""},"class_list":["post-127","page","type-page","status-publish","hentry"],"_links":{"self":[{"href":"https:\/\/www.gesang-gitarre.net\/index.php\/wp-json\/wp\/v2\/pages\/127","targetHints":{"allow":["GET"]}}],"collection":[{"href":"https:\/\/www.gesang-gitarre.net\/index.php\/wp-json\/wp\/v2\/pages"}],"about":[{"href":"https:\/\/www.gesang-gitarre.net\/index.php\/wp-json\/wp\/v2\/types\/page"}],"author":[{"embeddable":true,"href":"https:\/\/www.gesang-gitarre.net\/index.php\/wp-json\/wp\/v2\/users\/1"}],"replies":[{"embeddable":true,"href":"https:\/\/www.gesang-gitarre.net\/index.php\/wp-json\/wp\/v2\/comments?post=127"}],"version-history":[{"count":2,"href":"https:\/\/www.gesang-gitarre.net\/index.php\/wp-json\/wp\/v2\/pages\/127\/revisions"}],"predecessor-version":[{"id":392,"href":"https:\/\/www.gesang-gitarre.net\/index.php\/wp-json\/wp\/v2\/pages\/127\/revisions\/392"}],"wp:attachment":[{"href":"https:\/\/www.gesang-gitarre.net\/index.php\/wp-json\/wp\/v2\/media?parent=127"}],"curies":[{"name":"wp","href":"https:\/\/api.w.org\/{rel}","templated":true}]}}