{"id":131,"date":"2018-03-20T08:55:07","date_gmt":"2018-03-20T08:55:07","guid":{"rendered":"http:\/\/www.gesang-gitarre.net\/?page_id=131"},"modified":"2019-10-28T09:25:23","modified_gmt":"2019-10-28T08:25:23","slug":"noten","status":"publish","type":"page","link":"https:\/\/www.gesang-gitarre.net\/index.php\/noten\/","title":{"rendered":"Noten"},"content":{"rendered":"<table border=\"0\">\n<tbody>\n<tr>\n<td style=\"vertical-align: top;\"><a title=\"Mondnacht bei imslp.org\" href=\"https:\/\/imslp.org\/wiki\/Liederkreis,_Op.39_(Schumann,_Robert)#For_Voice_and_Guitar_.28Kornmacher.29\" target=\"_blank\" rel=\"noopener\"><img fetchpriority=\"high\" decoding=\"async\" class=\"alignleft wp-image-392\" src=\"https:\/\/www.gesang-gitarre.net\/wp-content\/uploads\/2015\/03\/d030743bb2080ca99283cf69666d353bb9b97434.png\" alt=\"\" width=\"222\" height=\"315\" \/> <\/a><\/td>\n<td style=\"vertical-align: top;\"><strong><a href=\"https:\/\/imslp.org\/wiki\/Liederkreis,_Op.39_(Schumann,_Robert)#For_Voice_and_Guitar_.28Kornmacher.29\" target=\"_blank\" rel=\"noopener\">Robert Schumann: Mondnacht <\/a><br \/>\n<\/strong>aus Liederkreis op. 39Bearbeitung von Michael Kornmacher f\u00fcr Sopran und Gitarrein der <strong>International Music Score Library Project <\/strong><\/p>\n<p>(imslp.org)<\/td>\n<\/tr>\n<tr>\n<td style=\"vertical-align: top;\"><a title=\"Verratene Liebe bei imslp.org\" href=\"https:\/\/imslp.org\/wiki\/5_Lieder,_Op.40_(Schumann,_Robert)#For_Voice_and_Guitar_.28Kornmacher.29\" target=\"_blank\" rel=\"noopener\"><img decoding=\"async\" class=\"alignleft wp-image-391\" src=\"https:\/\/www.gesang-gitarre.net\/wp-content\/uploads\/2015\/03\/5bf1e35eda1c2cd75a4285962089294f6d7b8469.png\" alt=\"\" width=\"222\" height=\"315\" \/> <\/a><\/td>\n<td style=\"vertical-align: top;\"><strong><a href=\"https:\/\/imslp.org\/wiki\/5_Lieder,_Op.40_(Schumann,_Robert)#For_Voice_and_Guitar_.28Kornmacher.29\" target=\"_blank\" rel=\"noopener\">Robert Schumann: Verratene Liebe<\/a> <\/strong><\/p>\n<p>aus 5 Lieder, Op.40Bearbeitung von Michael Kornmacher<\/p>\n<p>f\u00fcr Sopran und Gitarre<\/p>\n<p>in der <strong>International Music Score Library Project <a href=\"https:\/\/imslp.org\" target=\"_blank\" rel=\"noopener\"><br \/>\n(imslp.org)<\/a><\/strong><\/td>\n<\/tr>\n<tr>\n<td style=\"vertical-align: top;\"><a title=\"Sei mir gegr\u00fcsst bei imslp.org\" href=\"http:\/\/imslp.org\/wiki\/Sei_mir_gegr%C3%BCsst,_D.741_(Schubert,_Franz)#For_Voice_and_Guitar_.28Kornmacher.29\" target=\"_blank\" rel=\"noopener\"><img decoding=\"async\" class=\"alignleft wp-image-393\" src=\"https:\/\/www.gesang-gitarre.net\/wp-content\/uploads\/2015\/03\/8dc82dc0cd7a84c3ab71b8cff781d17aa5c75464.png\" alt=\"\" width=\"232\" height=\"329\" \/> <\/a><\/td>\n<td style=\"vertical-align: top;\"><strong><a href=\"https:\/\/imslp.org\/wiki\/Sei_mir_gegr%C3%BCsst,_D.741_(Schubert,_Franz)#For_Voice_and_Guitar_.28Kornmacher.29\" target=\"_blank\" rel=\"noopener\">Franz Schubert: Sei mir gegr\u00fcsst, D.741<\/a> <\/strong>Bearbeitung von Michael Kornmacher<\/p>\n<p>f\u00fcr Sopran und Gitarre<\/p>\n<p>in der <strong>International Music Score Library Project <a href=\"https:\/\/imslp.org\" target=\"_blank\" rel=\"noopener\"><br \/>\n(imslp.org)<\/a><\/strong><\/td>\n<\/tr>\n<\/tbody>\n<\/table>\n","protected":false},"excerpt":{"rendered":"<p>Robert Schumann: Mondnacht aus Liederkreis op. 39Bearbeitung von Michael Kornmacher f\u00fcr Sopran und Gitarrein der International Music Score Library Project (imslp.org) Robert Schumann: Verratene Liebe aus 5 Lieder, Op.40Bearbeitung von Michael Kornmacher f\u00fcr Sopran und Gitarre in der International Music Score Library Project (imslp.org) Franz Schubert: Sei mir gegr\u00fcsst, D.741 Bearbeitung von Michael Kornmacher f\u00fcr &hellip; <\/p>\n<p class=\"link-more\"><a href=\"https:\/\/www.gesang-gitarre.net\/index.php\/noten\/\" class=\"more-link\"><span class=\"screen-reader-text\">\u201eNoten\u201c<\/span> weiterlesen<\/a><\/p>\n","protected":false},"author":1,"featured_media":0,"parent":0,"menu_order":0,"comment_status":"closed","ping_status":"closed","template":"","meta":{"footnotes":""},"class_list":["post-131","page","type-page","status-publish","hentry"],"_links":{"self":[{"href":"https:\/\/www.gesang-gitarre.net\/index.php\/wp-json\/wp\/v2\/pages\/131","targetHints":{"allow":["GET"]}}],"collection":[{"href":"https:\/\/www.gesang-gitarre.net\/index.php\/wp-json\/wp\/v2\/pages"}],"about":[{"href":"https:\/\/www.gesang-gitarre.net\/index.php\/wp-json\/wp\/v2\/types\/page"}],"author":[{"embeddable":true,"href":"https:\/\/www.gesang-gitarre.net\/index.php\/wp-json\/wp\/v2\/users\/1"}],"replies":[{"embeddable":true,"href":"https:\/\/www.gesang-gitarre.net\/index.php\/wp-json\/wp\/v2\/comments?post=131"}],"version-history":[{"count":3,"href":"https:\/\/www.gesang-gitarre.net\/index.php\/wp-json\/wp\/v2\/pages\/131\/revisions"}],"predecessor-version":[{"id":433,"href":"https:\/\/www.gesang-gitarre.net\/index.php\/wp-json\/wp\/v2\/pages\/131\/revisions\/433"}],"wp:attachment":[{"href":"https:\/\/www.gesang-gitarre.net\/index.php\/wp-json\/wp\/v2\/media?parent=131"}],"curies":[{"name":"wp","href":"https:\/\/api.w.org\/{rel}","templated":true}]}}