{"id":343,"date":"2019-01-13T16:00:29","date_gmt":"2019-01-13T16:00:29","guid":{"rendered":"http:\/\/www.gesang-gitarre.net\/?page_id=343"},"modified":"2019-09-26T07:38:57","modified_gmt":"2019-09-26T05:38:57","slug":"ueber-uns","status":"publish","type":"page","link":"https:\/\/www.gesang-gitarre.net\/index.php\/ueber-uns\/","title":{"rendered":"\u00dcber uns"},"content":{"rendered":"\t\t<div data-elementor-type=\"wp-post\" data-elementor-id=\"343\" class=\"elementor elementor-343 elementor-bc-flex-widget\">\n\t\t\t\t\t\t<section class=\"elementor-section elementor-top-section elementor-element elementor-element-545f263 elementor-section-boxed elementor-section-height-default elementor-section-height-default\" data-id=\"545f263\" data-element_type=\"section\">\n\t\t\t\t\t\t<div class=\"elementor-container elementor-column-gap-default\">\n\t\t\t\t\t<div class=\"elementor-column elementor-col-100 elementor-top-column elementor-element elementor-element-10e1f1d\" data-id=\"10e1f1d\" data-element_type=\"column\">\n\t\t\t<div class=\"elementor-widget-wrap elementor-element-populated\">\n\t\t\t\t\t\t<div class=\"elementor-element elementor-element-306615f elementor-widget elementor-widget-text-editor\" data-id=\"306615f\" data-element_type=\"widget\" data-widget_type=\"text-editor.default\">\n\t\t\t\t<div class=\"elementor-widget-container\">\n\t\t\t\t\t\t\t\t\t<p>Seit 2004 musizieren Sylvia Tazberik und Michael Kornmacher im Duo Scaramuccio kontinuierlich miteinander. Schon im ersten Programm \u201eMusic for a While\u201c wurden neben Liedern aus Barock, Renaissance und Klassik eigene Bearbeitungen von Opernarien zu Geh\u00f6r gebracht. Das Duo setzt sich nicht nur f\u00fcr die Pflege des bestehenden Repertoires ein, sondern erweitert es regelm\u00e4\u00dfig.<\/p>\t\t\t\t\t\t\t\t<\/div>\n\t\t\t\t<\/div>\n\t\t\t\t\t<\/div>\n\t\t<\/div>\n\t\t\t\t\t<\/div>\n\t\t<\/section>\n\t\t\t\t<section class=\"elementor-section elementor-top-section elementor-element elementor-element-766b5c5 elementor-section-full_width elementor-section-height-default elementor-section-height-default\" data-id=\"766b5c5\" data-element_type=\"section\">\n\t\t\t\t\t\t<div class=\"elementor-container elementor-column-gap-default\">\n\t\t\t\t\t<div class=\"elementor-column elementor-col-50 elementor-top-column elementor-element elementor-element-095b235\" data-id=\"095b235\" data-element_type=\"column\">\n\t\t\t<div class=\"elementor-widget-wrap elementor-element-populated\">\n\t\t\t\t\t\t<div class=\"elementor-element elementor-element-f0c70fb elementor-position-top elementor-widget elementor-widget-image-box\" data-id=\"f0c70fb\" data-element_type=\"widget\" data-widget_type=\"image-box.default\">\n\t\t\t\t<div class=\"elementor-widget-container\">\n\t\t\t\t\t<div class=\"elementor-image-box-wrapper\"><figure class=\"elementor-image-box-img\"><img fetchpriority=\"high\" decoding=\"async\" width=\"800\" height=\"600\" src=\"https:\/\/www.gesang-gitarre.net\/wp-content\/uploads\/2019\/01\/sylvie.jpg\" class=\"attachment-full size-full wp-image-359\" alt=\"\" srcset=\"https:\/\/www.gesang-gitarre.net\/wp-content\/uploads\/2019\/01\/sylvie.jpg 800w, https:\/\/www.gesang-gitarre.net\/wp-content\/uploads\/2019\/01\/sylvie-300x225.jpg 300w, https:\/\/www.gesang-gitarre.net\/wp-content\/uploads\/2019\/01\/sylvie-768x576.jpg 768w\" sizes=\"(max-width: 767px) 89vw, (max-width: 1000px) 54vw, (max-width: 1071px) 543px, 580px\" \/><\/figure><div class=\"elementor-image-box-content\"><h3 class=\"elementor-image-box-title\">Sylvia Tazberik<\/h3><p class=\"elementor-image-box-description\">\n\nDie Sopranistin Sylvia Tazberik wurde in der Slowakei geboren und wuchs in Berlin auf. Von 1989-97 studierte sie klassischen Gesang an den Musikhochschulen in Dresden und in Berlin bei Peter Herrmann. Es folgten Meisterkurse u.a. bei Elio Battaglia, Ute Trekel-Burckhardt, Harry Kupfer, Norma Sharp und Eric Menzel.\nSeit dem Abschlu\u00df als Diploms\u00e4ngerin ist sie freischaffend t\u00e4tig und in Opern sowie bei Lieder- und Konzertabenden mit verschiedenen Instrumentalbesetzungen sowie in experimentellen Performances zu erleben. Mit dem Ensemble \u201eZeit f\u00fcr Barock\u201c tritt sie deutschlandweit auf. Neben ihrer Leidenschaft f\u00fcr das italienische Belcanto und die gro\u00dfen Klassiker nimmt sie sich auch Zeit, in die musikalische Welt der Hildegard von Bingen einzutauchen.\nAuch als Opern-Chors\u00e4ngerin ist sie aktiv und geh\u00f6rt den Extra-Ch\u00f6ren der Deutschen Oper und der Komischen Oper Berlin an. Konzertreisen f\u00fchrten sie in die Slowakei, nach Polen, England, Italien, Australien, China und Indonesien. Als Theaterp\u00e4dagogin gibt sie Opernworkshops, u.a. an der Staatsoper Berlin, und leitet spiel- und singw\u00fctige Theatergruppen an. In ihrer Freizeit lernt sie Polnisch und unternimmt Wanderungen per Fu\u00df und Fahrrad in die Natur.\n\n<a href=\"https:\/\/www.sylvia-tazberik.de\">sylvia-tazberik.de<\/a>\n<\/p><\/div><\/div>\t\t\t\t<\/div>\n\t\t\t\t<\/div>\n\t\t\t\t\t<\/div>\n\t\t<\/div>\n\t\t\t\t<div class=\"elementor-column elementor-col-50 elementor-top-column elementor-element elementor-element-326c369\" data-id=\"326c369\" data-element_type=\"column\">\n\t\t\t<div class=\"elementor-widget-wrap elementor-element-populated\">\n\t\t\t\t\t\t<div class=\"elementor-element elementor-element-6be8f38 elementor-position-top elementor-widget elementor-widget-image-box\" data-id=\"6be8f38\" data-element_type=\"widget\" data-widget_type=\"image-box.default\">\n\t\t\t\t<div class=\"elementor-widget-container\">\n\t\t\t\t\t<div class=\"elementor-image-box-wrapper\"><figure class=\"elementor-image-box-img\"><img decoding=\"async\" width=\"2016\" height=\"1508\" src=\"https:\/\/www.gesang-gitarre.net\/wp-content\/uploads\/2019\/09\/michael_kornmacher.jpg\" class=\"attachment-full size-full wp-image-423\" alt=\"\" srcset=\"https:\/\/www.gesang-gitarre.net\/wp-content\/uploads\/2019\/09\/michael_kornmacher.jpg 2016w, https:\/\/www.gesang-gitarre.net\/wp-content\/uploads\/2019\/09\/michael_kornmacher-300x224.jpg 300w, https:\/\/www.gesang-gitarre.net\/wp-content\/uploads\/2019\/09\/michael_kornmacher-768x574.jpg 768w, https:\/\/www.gesang-gitarre.net\/wp-content\/uploads\/2019\/09\/michael_kornmacher-1024x766.jpg 1024w\" sizes=\"(max-width: 767px) 89vw, (max-width: 1000px) 54vw, (max-width: 1071px) 543px, 580px\" \/><\/figure><div class=\"elementor-image-box-content\"><h3 class=\"elementor-image-box-title\">Michael Kornmacher<\/h3><p class=\"elementor-image-box-description\">Der in Hildesheim geborene Gitarrist Michael Kornmacher studierte Konzertgitarre an der Hochschule der K\u00fcnste Berlin bei Prof. Martin Rennert. In Meisterkursen bei Alvaro Pieri, Angelo Gilardino u. Hubert K\u00e4ppel vervollst\u00e4ndigte er seine Ausbildung. Kornmacher trat solistisch, als Begleiter und als Theatermusiker auf, unter anderem an der Deutschen Oper Berlin, der Neuk\u00f6llner Oper und dem Victoria Theater Oslo. Er inszenierte mehrere Theaterst\u00fccke und zwei Opern f\u00fcr Kinder. \nKornmacher besch\u00e4ftigt sich seit Jahren intensiv mit der Gitarre als Instrument in der Kammermusik. Seine Konzertt\u00e4tigkeit f\u00fchrte ihn u.a. in die Akademie der K\u00fcnste und zur Schl\u00f6ssernacht nach Potsdam.\nAktuell spielt er im Ensemble TRICORDANZA  (git, v, vc), dessen musikalisches Erscheinungsbild er durch seine Arrangements ma\u00dfgeblich mit gestaltet. Auch f\u00fcr das Duo Scaramuccio bearbeitete er zahlreiche St\u00fccke.<\/p><\/div><\/div>\t\t\t\t<\/div>\n\t\t\t\t<\/div>\n\t\t\t\t\t<\/div>\n\t\t<\/div>\n\t\t\t\t\t<\/div>\n\t\t<\/section>\n\t\t\t\t<\/div>\n\t\t","protected":false},"excerpt":{"rendered":"<p>Seit 2004 musizieren Sylvia Tazberik und Michael Kornmacher im Duo Scaramuccio kontinuierlich miteinander. Schon im ersten Programm \u201eMusic for a While\u201c wurden neben Liedern aus Barock, Renaissance und Klassik eigene Bearbeitungen von Opernarien zu Geh\u00f6r gebracht. Das Duo setzt sich nicht nur f\u00fcr die Pflege des bestehenden Repertoires ein, sondern erweitert es regelm\u00e4\u00dfig. Sylvia Tazberik &hellip; <\/p>\n<p class=\"link-more\"><a href=\"https:\/\/www.gesang-gitarre.net\/index.php\/ueber-uns\/\" class=\"more-link\"><span class=\"screen-reader-text\">\u201e\u00dcber uns\u201c<\/span> weiterlesen<\/a><\/p>\n","protected":false},"author":1,"featured_media":0,"parent":0,"menu_order":0,"comment_status":"closed","ping_status":"closed","template":"","meta":{"footnotes":""},"class_list":["post-343","page","type-page","status-publish","hentry"],"_links":{"self":[{"href":"https:\/\/www.gesang-gitarre.net\/index.php\/wp-json\/wp\/v2\/pages\/343","targetHints":{"allow":["GET"]}}],"collection":[{"href":"https:\/\/www.gesang-gitarre.net\/index.php\/wp-json\/wp\/v2\/pages"}],"about":[{"href":"https:\/\/www.gesang-gitarre.net\/index.php\/wp-json\/wp\/v2\/types\/page"}],"author":[{"embeddable":true,"href":"https:\/\/www.gesang-gitarre.net\/index.php\/wp-json\/wp\/v2\/users\/1"}],"replies":[{"embeddable":true,"href":"https:\/\/www.gesang-gitarre.net\/index.php\/wp-json\/wp\/v2\/comments?post=343"}],"version-history":[{"count":7,"href":"https:\/\/www.gesang-gitarre.net\/index.php\/wp-json\/wp\/v2\/pages\/343\/revisions"}],"predecessor-version":[{"id":425,"href":"https:\/\/www.gesang-gitarre.net\/index.php\/wp-json\/wp\/v2\/pages\/343\/revisions\/425"}],"wp:attachment":[{"href":"https:\/\/www.gesang-gitarre.net\/index.php\/wp-json\/wp\/v2\/media?parent=343"}],"curies":[{"name":"wp","href":"https:\/\/api.w.org\/{rel}","templated":true}]}}