{"id":450,"date":"2025-03-16T23:10:00","date_gmt":"2025-03-16T22:10:00","guid":{"rendered":"https:\/\/www.gesang-gitarre.net\/?page_id=450"},"modified":"2025-03-16T23:10:02","modified_gmt":"2025-03-16T22:10:02","slug":"wat-kiekste","status":"publish","type":"page","link":"https:\/\/www.gesang-gitarre.net\/index.php\/wat-kiekste\/","title":{"rendered":"Wat kiekste?"},"content":{"rendered":"\n<figure class=\"wp-block-image size-large\"><img decoding=\"async\" src=\"file:\/\/\/private\/var\/mobile\/Containers\/Data\/Application\/41A2FFE4-B074-4197-9A54-575207729D4E\/tmp\/org.automattic.MediaImageServiceSymlinks\/thumbnail-4e0aaa3a-c9df-49ba-bf2e-6a798415d1f3-1365x1024.jpeg\" alt=\"\" class=\"wp-image-1199930744\"\/><\/figure>\n\n\n\n<p>Konnte man im Berlin der sp\u00e4ten 20er und 30er Jahren mit Musike auf der Strasse noch \u00fcberleben? Schlie\u00dflich war das Radio schon erfunden. Hans und Liese versuchen es dennoch. Sie haben keine Wahl, denn auf die glamour\u00f6sen B\u00fchnen der Vergn\u00fcgungstempel der Stadt scheint kein Weg zu f\u00fchren.&nbsp;&nbsp;<\/p>\n\n\n\n<p>Begleiten Sie die beiden Hinterhofmusikanten durch das von Wirtschaftskrise und politischen Umw\u00e4lzungen geplagte Berlin der sp\u00e4ten 20er und fr\u00fchen 30er Jahre.<\/p>\n\n\n\n<p>Ein szenischer Liederabend. Es erklingen bekannte und weniger bekannte Lieder, Schlager und Arien von Claire Waldoff, Friedrich Hollaender, Mischa Spoliansky, Rudolf Nelson u.a.<\/p>\n\n\n\n<p class=\"s10\">Liese: Sylvia &#8211; Tazberik &#8211; Gesang, Gitarre, Slangcoaching<\/p>\n\n\n\n<p class=\"s10\">Hans:&nbsp;\u200bMichael Kornmacher &#8211; Gitarre, Gesang<\/p>\n\n\n\n<p class=\"s10\">Text, Idee: Michael Kornmacher<\/p>\n\n\n\n<p class=\"s10\">Charleston &#8211; Choreographie&nbsp;&#8211; Tina Buschhaus<\/p>\n\n\n\n<p class=\"s10\">&nbsp;<\/p>\n\n\n\n<p class=\"s10\">Wir danken:<\/p>\n\n\n\n<p class=\"s10\">Birgit Eckenweber, Martin &nbsp;Eckenweber, Antje Hagen-Franz, Helmut Kr\u00fcger-Danielson, der Kirchengemeinde Alt-Reinickendorf<\/p>\n\n\n\n<p class=\"s10\">&nbsp;<\/p>\n","protected":false},"excerpt":{"rendered":"<p>Konnte man im Berlin der sp\u00e4ten 20er und 30er Jahren mit Musike auf der Strasse noch \u00fcberleben? Schlie\u00dflich war das Radio schon erfunden. Hans und Liese versuchen es dennoch. Sie haben keine Wahl, denn auf die glamour\u00f6sen B\u00fchnen der Vergn\u00fcgungstempel der Stadt scheint kein Weg zu f\u00fchren.&nbsp;&nbsp; Begleiten Sie die beiden Hinterhofmusikanten durch das von &hellip; <\/p>\n<p class=\"link-more\"><a href=\"https:\/\/www.gesang-gitarre.net\/index.php\/wat-kiekste\/\" class=\"more-link\"><span class=\"screen-reader-text\">\u201eWat kiekste?\u201c<\/span> weiterlesen<\/a><\/p>\n","protected":false},"author":1,"featured_media":0,"parent":0,"menu_order":0,"comment_status":"closed","ping_status":"closed","template":"","meta":{"footnotes":""},"class_list":["post-450","page","type-page","status-publish","hentry"],"_links":{"self":[{"href":"https:\/\/www.gesang-gitarre.net\/index.php\/wp-json\/wp\/v2\/pages\/450","targetHints":{"allow":["GET"]}}],"collection":[{"href":"https:\/\/www.gesang-gitarre.net\/index.php\/wp-json\/wp\/v2\/pages"}],"about":[{"href":"https:\/\/www.gesang-gitarre.net\/index.php\/wp-json\/wp\/v2\/types\/page"}],"author":[{"embeddable":true,"href":"https:\/\/www.gesang-gitarre.net\/index.php\/wp-json\/wp\/v2\/users\/1"}],"replies":[{"embeddable":true,"href":"https:\/\/www.gesang-gitarre.net\/index.php\/wp-json\/wp\/v2\/comments?post=450"}],"version-history":[{"count":2,"href":"https:\/\/www.gesang-gitarre.net\/index.php\/wp-json\/wp\/v2\/pages\/450\/revisions"}],"predecessor-version":[{"id":452,"href":"https:\/\/www.gesang-gitarre.net\/index.php\/wp-json\/wp\/v2\/pages\/450\/revisions\/452"}],"wp:attachment":[{"href":"https:\/\/www.gesang-gitarre.net\/index.php\/wp-json\/wp\/v2\/media?parent=450"}],"curies":[{"name":"wp","href":"https:\/\/api.w.org\/{rel}","templated":true}]}}